{"id":52,"date":"2025-08-12T17:21:15","date_gmt":"2025-08-12T17:21:15","guid":{"rendered":"https:\/\/rainika-pictures.ch\/?page_id=52"},"modified":"2025-08-24T10:19:08","modified_gmt":"2025-08-24T10:19:08","slug":"about","status":"publish","type":"page","link":"https:\/\/rainika-pictures.ch\/?page_id=52","title":{"rendered":"About"},"content":{"rendered":"\t\t<div data-elementor-type=\"wp-page\" data-elementor-id=\"52\" class=\"elementor elementor-52\" data-elementor-post-type=\"page\">\n\t\t\t\t<div class=\"elementor-element elementor-element-6c0fda71 e-con-full e-flex e-con e-parent\" data-id=\"6c0fda71\" data-element_type=\"container\" data-settings=\"{&quot;background_background&quot;:&quot;classic&quot;}\">\n\t\t<div class=\"elementor-element elementor-element-2021da4b e-con-full e-flex e-con e-child\" data-id=\"2021da4b\" data-element_type=\"container\">\n\t\t\t\t<div class=\"elementor-element elementor-element-6c85e821 elementor-invisible elementor-widget elementor-widget-heading\" data-id=\"6c85e821\" data-element_type=\"widget\" data-settings=\"{&quot;_animation&quot;:&quot;fadeIn&quot;}\" data-widget_type=\"heading.default\">\n\t\t\t\t\t<h1 class=\"elementor-heading-title elementor-size-default\">\u00dcber mich \u2013 Ihre Fotografin im Rheintal &amp; der Ostschweiz<\/h1>\t\t\t\t<\/div>\n\t\t\t\t<div class=\"elementor-element elementor-element-5b4fa85d elementor-widget elementor-widget-text-editor\" data-id=\"5b4fa85d\" data-element_type=\"widget\" data-widget_type=\"text-editor.default\">\n\t\t\t\t\t\t\t\t\t<p>Hallo, ich bin <strong data-start=\"586\" data-end=\"605\">Veronika Rainer<\/strong>, leidenschaftliche Fotografin und das Gesicht hinter <strong data-start=\"659\" data-end=\"679\">Rainika Pictures<\/strong>.<br data-start=\"680\" data-end=\"683\" \/>Meine Spezialit\u00e4t sind <strong data-start=\"706\" data-end=\"772\">nat\u00fcrliche Familienfotos, Paarshootings und Businessfotografie<\/strong> \u2013 immer mit dem Anspruch, echte Emotionen festzuhalten.<\/p>\t\t\t\t\t\t\t\t<\/div>\n\t\t\t\t<div class=\"elementor-element elementor-element-15e40f0 elementor-invisible elementor-widget elementor-widget-heading\" data-id=\"15e40f0\" data-element_type=\"widget\" data-settings=\"{&quot;_animation&quot;:&quot;fadeIn&quot;}\" data-widget_type=\"heading.default\">\n\t\t\t\t\t<h1 class=\"elementor-heading-title elementor-size-default\">Meine Philosophie<\/h1>\t\t\t\t<\/div>\n\t\t\t\t<div class=\"elementor-element elementor-element-e0c9dd1 elementor-widget elementor-widget-text-editor\" data-id=\"e0c9dd1\" data-element_type=\"widget\" data-widget_type=\"text-editor.default\">\n\t\t\t\t\t\t\t\t\t<p>Fotografie bedeutet f\u00fcr mich mehr als nur Bilder zu machen. Ich m\u00f6chte <strong data-start=\"927\" data-end=\"951\">Geschichten erz\u00e4hlen<\/strong> \u2013 die Ihrer Familie, Ihrer Beziehung oder Ihres Unternehmens. Ob beim <strong data-start=\"1022\" data-end=\"1054\">Familienshooting im Rheintal<\/strong>, einem <strong data-start=\"1062\" data-end=\"1090\">Paarshooting am Bodensee<\/strong> oder bei <strong data-start=\"1100\" data-end=\"1136\">Business Portraits in St. Gallen<\/strong> \u2013 meine Kamera begleitet Sie mit Ruhe, Empathie und einem Blick f\u00fcr die besonderen Momente.<\/p>\t\t\t\t\t\t\t\t<\/div>\n\t\t\t\t<div class=\"elementor-element elementor-element-db1a0e0 elementor-invisible elementor-widget elementor-widget-heading\" data-id=\"db1a0e0\" data-element_type=\"widget\" data-settings=\"{&quot;_animation&quot;:&quot;fadeIn&quot;}\" data-widget_type=\"heading.default\">\n\t\t\t\t\t<h1 class=\"elementor-heading-title elementor-size-default\">Mein Hintergrund<\/h1>\t\t\t\t<\/div>\n\t\t\t\t<div class=\"elementor-element elementor-element-a6dc537 elementor-widget elementor-widget-text-editor\" data-id=\"a6dc537\" data-element_type=\"widget\" data-widget_type=\"text-editor.default\">\n\t\t\t\t\t\t\t\t\t<ul><li data-start=\"1255\" data-end=\"1309\"><p data-start=\"1257\" data-end=\"1309\">Geboren und aufgewachsen in der Ukraine<\/p><\/li><li data-start=\"1310\" data-end=\"1375\"><p data-start=\"1312\" data-end=\"1375\">Mehrj\u00e4hrige Erfahrung in <strong data-start=\"1337\" data-end=\"1373\">Familien- und Portraitfotografie<\/strong><\/p><\/li><li data-start=\"1376\" data-end=\"1457\"><p data-start=\"1378\" data-end=\"1457\">St\u00e4ndige Weiterbildung in <strong data-start=\"1404\" data-end=\"1455\">Bildbearbeitung und moderner Content-Fotografie<\/strong><\/p><\/li><li data-start=\"1458\" data-end=\"1532\"><p data-start=\"1460\" data-end=\"1532\">Heute t\u00e4tig in der ganzen <strong data-start=\"1486\" data-end=\"1530\">Ostschweiz, Liechtenstein und Vorarlberg<\/strong><\/p><\/li><\/ul>\t\t\t\t\t\t\t\t<\/div>\n\t\t\t\t<div class=\"elementor-element elementor-element-edcff42 elementor-invisible elementor-widget elementor-widget-heading\" data-id=\"edcff42\" data-element_type=\"widget\" data-settings=\"{&quot;_animation&quot;:&quot;fadeIn&quot;}\" data-widget_type=\"heading.default\">\n\t\t\t\t\t<h1 class=\"elementor-heading-title elementor-size-default\">Warum Rainika Pictures?<\/h1>\t\t\t\t<\/div>\n\t\t\t\t<div class=\"elementor-element elementor-element-7d2d31b elementor-widget elementor-widget-text-editor\" data-id=\"7d2d31b\" data-element_type=\"widget\" data-widget_type=\"text-editor.default\">\n\t\t\t\t\t\t\t\t\t<ul><li data-start=\"1255\" data-end=\"1309\"><ul><li data-start=\"1564\" data-end=\"1646\"><p data-start=\"1566\" data-end=\"1646\"><strong data-start=\"1566\" data-end=\"1594\">Authentisch &amp; nat\u00fcrlich:<\/strong> Keine gestellten Bilder, sondern echte Emotionen.<\/p><\/li><li data-start=\"1647\" data-end=\"1724\"><p data-start=\"1649\" data-end=\"1724\"><strong data-start=\"1649\" data-end=\"1665\">Individuell:<\/strong> Jedes Shooting wird auf Sie und Ihre W\u00fcnsche abgestimmt.<\/p><\/li><li data-start=\"1725\" data-end=\"1796\"><p data-start=\"1727\" data-end=\"1796\"><strong data-start=\"1727\" data-end=\"1740\">Qualit\u00e4t:<\/strong> Hochwertige Bilder, die ein Leben lang Freude machen.<\/p><\/li><\/ul><\/li><\/ul>\t\t\t\t\t\t\t\t<\/div>\n\t\t\t\t<div class=\"elementor-element elementor-element-7712571 elementor-invisible elementor-widget elementor-widget-heading\" data-id=\"7712571\" data-element_type=\"widget\" data-settings=\"{&quot;_animation&quot;:&quot;fadeIn&quot;}\" data-widget_type=\"heading.default\">\n\t\t\t\t\t<h1 class=\"elementor-heading-title elementor-size-default\">Meine Vision<\/h1>\t\t\t\t<\/div>\n\t\t\t\t<div class=\"elementor-element elementor-element-c13fd3c elementor-widget elementor-widget-text-editor\" data-id=\"c13fd3c\" data-element_type=\"widget\" data-widget_type=\"text-editor.default\">\n\t\t\t\t\t\t\t\t\t<ul><li data-start=\"1255\" data-end=\"1309\"><ul><li data-start=\"1564\" data-end=\"1646\"><p data-start=\"1566\" data-end=\"1646\">Ich m\u00f6chte, dass Sie sich beim Shooting wohlf\u00fchlen \u2013 egal ob mit der ganzen Familie, als Paar oder f\u00fcr professionelle Businessbilder. Meine Aufgabe ist es, Momente festzuhalten, die Ihnen noch Jahre sp\u00e4ter ein L\u00e4cheln ins Gesicht zaubern.<\/p><\/li><\/ul><\/li><\/ul>\t\t\t\t\t\t\t\t<\/div>\n\t\t\t\t<div class=\"elementor-element elementor-element-69510dc elementor-invisible elementor-widget elementor-widget-heading\" data-id=\"69510dc\" data-element_type=\"widget\" data-settings=\"{&quot;_animation&quot;:&quot;fadeIn&quot;}\" data-widget_type=\"heading.default\">\n\t\t\t\t\t<h1 class=\"elementor-heading-title elementor-size-default\">\ud83d\udcf8 Lust auf ein Shooting?<\/h1>\t\t\t\t<\/div>\n\t\t\t\t<div class=\"elementor-element elementor-element-26a8edf elementor-widget elementor-widget-text-editor\" data-id=\"26a8edf\" data-element_type=\"widget\" data-widget_type=\"text-editor.default\">\n\t\t\t\t\t\t\t\t\t<p data-start=\"2096\" data-end=\"2242\">Wenn Sie eine <strong data-start=\"2110\" data-end=\"2159\">Fotografin im Rheintal oder in der Ostschweiz<\/strong> suchen, die mit Leidenschaft und Herz arbeitet, freue ich mich auf Ihre Anfrage.<\/p><p data-start=\"2244\" data-end=\"2327\">\ud83d\udc49 <a class=\"decorated-link\" href=\"#kontakt\" rel=\"noopener\" data-start=\"2247\" data-end=\"2282\">Jetzt Kontakt aufnehmen<\/a> und Ihr pers\u00f6nliches Fotoshooting sichern.<\/p>\t\t\t\t\t\t\t\t<\/div>\n\t\t\t\t<\/div>\n\t\t\t\t<\/div>\n\t\t<div class=\"elementor-element elementor-element-1ef36187 e-flex e-con-boxed e-con e-parent\" data-id=\"1ef36187\" data-element_type=\"container\" data-settings=\"{&quot;background_background&quot;:&quot;classic&quot;}\">\n\t\t\t\t\t<div class=\"e-con-inner\">\n\t\t<div class=\"elementor-element elementor-element-5b1540ea e-con-full e-flex e-con e-child\" data-id=\"5b1540ea\" data-element_type=\"container\" data-settings=\"{&quot;background_background&quot;:&quot;classic&quot;}\">\n\t\t\t\t<div class=\"elementor-element elementor-element-5d534fe2 elementor-widget elementor-widget-testimonial\" data-id=\"5d534fe2\" data-element_type=\"widget\" data-widget_type=\"testimonial.default\">\n\t\t\t\t\t\t\t<div class=\"elementor-testimonial-wrapper\">\n\t\t\t\t\t\t\t<div class=\"elementor-testimonial-content\">Weddings are a record event in any love story. Documenting authentic moments of couples and their family's reunion fascinates and excites me over and over again.<\/div>\n\t\t\t\n\t\t\t\t\t\t<div class=\"elementor-testimonial-meta\">\n\t\t\t\t<div class=\"elementor-testimonial-meta-inner\">\n\t\t\t\t\t\n\t\t\t\t\t\t\t\t\t\t<div class=\"elementor-testimonial-details\">\n\t\t\t\t\t\t\t\t\t\t\t\t\t\t<div class=\"elementor-testimonial-name\">Roberta Jones<\/div>\n\t\t\t\t\t\t\t\t\t\t\t\t\t\t\t\t\t\t\t<\/div>\n\t\t\t\t\t\t\t\t\t<\/div>\n\t\t\t<\/div>\n\t\t\t\t\t<\/div>\n\t\t\t\t\t\t<\/div>\n\t\t\t\t<\/div>\n\t\t\t\t<div class=\"elementor-element elementor-element-2d987e24 elementor-widget__width-initial elementor-widget-tablet__width-initial elementor-absolute elementor-invisible elementor-widget elementor-widget-spacer\" data-id=\"2d987e24\" data-element_type=\"widget\" data-settings=\"{&quot;_position&quot;:&quot;absolute&quot;,&quot;_animation&quot;:&quot;slideInUp&quot;,&quot;motion_fx_motion_fx_scrolling&quot;:&quot;yes&quot;,&quot;motion_fx_translateY_effect&quot;:&quot;yes&quot;,&quot;motion_fx_translateY_affectedRange&quot;:{&quot;unit&quot;:&quot;%&quot;,&quot;size&quot;:&quot;&quot;,&quot;sizes&quot;:{&quot;start&quot;:50,&quot;end&quot;:100}},&quot;motion_fx_scale_effect&quot;:&quot;yes&quot;,&quot;motion_fx_scale_range&quot;:{&quot;unit&quot;:&quot;%&quot;,&quot;size&quot;:&quot;&quot;,&quot;sizes&quot;:{&quot;start&quot;:50,&quot;end&quot;:100}},&quot;motion_fx_translateY_speed&quot;:{&quot;unit&quot;:&quot;px&quot;,&quot;size&quot;:4,&quot;sizes&quot;:[]},&quot;motion_fx_scale_direction&quot;:&quot;out-in&quot;,&quot;motion_fx_scale_speed&quot;:{&quot;unit&quot;:&quot;px&quot;,&quot;size&quot;:4,&quot;sizes&quot;:[]},&quot;motion_fx_devices&quot;:[&quot;desktop&quot;,&quot;tablet&quot;,&quot;mobile&quot;]}\" data-widget_type=\"spacer.default\">\n\t\t\t\t\t\t\t<div class=\"elementor-spacer\">\n\t\t\t<div class=\"elementor-spacer-inner\"><\/div>\n\t\t<\/div>\n\t\t\t\t\t\t<\/div>\n\t\t\t\t\t<\/div>\n\t\t\t\t<\/div>\n\t\t<div class=\"elementor-element elementor-element-52b13b29 e-flex e-con-boxed e-con e-parent\" data-id=\"52b13b29\" data-element_type=\"container\" data-settings=\"{&quot;background_background&quot;:&quot;classic&quot;}\">\n\t\t\t\t\t<div class=\"e-con-inner\">\n\t\t\t\t<div class=\"elementor-element elementor-element-61fbdc66 elementor-invisible elementor-widget elementor-widget-heading\" data-id=\"61fbdc66\" data-element_type=\"widget\" data-settings=\"{&quot;_animation&quot;:&quot;fadeIn&quot;}\" data-widget_type=\"heading.default\">\n\t\t\t\t\t<h2 class=\"elementor-heading-title elementor-size-default\">As Featured In<\/h2>\t\t\t\t<\/div>\n\t\t\t\t\t<\/div>\n\t\t\t\t<\/div>\n\t\t<div class=\"elementor-element elementor-element-410328b9 e-con-full e-flex e-con e-parent\" data-id=\"410328b9\" data-element_type=\"container\" data-settings=\"{&quot;background_background&quot;:&quot;classic&quot;}\">\n\t\t<div class=\"elementor-element elementor-element-4fd1b1b3 e-con-full e-flex e-con e-child\" data-id=\"4fd1b1b3\" data-element_type=\"container\">\n\t\t\t\t<div class=\"elementor-element elementor-element-58a4554 elementor-invisible elementor-widget elementor-widget-heading\" data-id=\"58a4554\" data-element_type=\"widget\" data-settings=\"{&quot;_animation&quot;:&quot;fadeIn&quot;}\" data-widget_type=\"heading.default\">\n\t\t\t\t\t<h2 class=\"elementor-heading-title elementor-size-default\">\ud83d\udcf8 Lust auf ein Shooting?<\/h2>\t\t\t\t<\/div>\n\t\t\t\t<div class=\"elementor-element elementor-element-347083a4 elementor-widget__width-initial elementor-widget-mobile__width-inherit elementor-widget elementor-widget-text-editor\" data-id=\"347083a4\" data-element_type=\"widget\" data-widget_type=\"text-editor.default\">\n\t\t\t\t\t\t\t\t\t<p data-start=\"2096\" data-end=\"2242\">Wenn Sie eine <strong data-start=\"2110\" data-end=\"2159\">Fotografin im Rheintal oder in der Ostschweiz<\/strong> suchen, die mit Leidenschaft und Herz arbeitet, freue ich mich auf Ihre Anfrage.<\/p><p data-start=\"2244\" data-end=\"2327\">\ud83d\udc49 <a class=\"decorated-link\" href=\"#kontakt\" rel=\"noopener\" data-start=\"2247\" data-end=\"2282\">Jetzt Kontakt aufnehmen<\/a> und Ihr pers\u00f6nliches Fotoshooting sichern.<\/p>\t\t\t\t\t\t\t\t<\/div>\n\t\t\t\t<div class=\"elementor-element elementor-element-781d9c67 elementor-align-center elementor-widget elementor-widget-button\" data-id=\"781d9c67\" data-element_type=\"widget\" data-widget_type=\"button.default\">\n\t\t\t\t\t\t\t\t\t\t<a class=\"elementor-button elementor-button-link elementor-size-sm elementor-animation-hang\" href=\"https:\/\/rainika-pictures.ch\/?page_id=74\">\n\t\t\t\t\t\t<span class=\"elementor-button-content-wrapper\">\n\t\t\t\t\t\t\t\t\t<span class=\"elementor-button-text\">Contact Rainika \u27f6<\/span>\n\t\t\t\t\t<\/span>\n\t\t\t\t\t<\/a>\n\t\t\t\t\t\t\t\t<\/div>\n\t\t\t\t<\/div>\n\t\t<div class=\"elementor-element elementor-element-5b3ada46 e-con-full e-flex e-con e-child\" data-id=\"5b3ada46\" data-element_type=\"container\" data-settings=\"{&quot;background_background&quot;:&quot;classic&quot;}\">\n\t\t\t\t<\/div>\n\t\t\t\t<\/div>\n\t\t\t\t<\/div>\n\t\t","protected":false},"excerpt":{"rendered":"<p>\u00dcber mich \u2013 Ihre Fotografin im Rheintal &amp; der Ostschweiz Hallo, ich bin Veronika Rainer, leidenschaftliche Fotografin und das Gesicht hinter Rainika Pictures.Meine Spezialit\u00e4t sind nat\u00fcrliche Familienfotos, Paarshootings und Businessfotografie \u2013 immer mit dem Anspruch, echte Emotionen festzuhalten. Meine Philosophie Fotografie bedeutet f\u00fcr mich mehr als nur Bilder zu machen. Ich m\u00f6chte Geschichten erz\u00e4hlen \u2013 [&hellip;]<\/p>\n","protected":false},"author":1,"featured_media":0,"parent":0,"menu_order":0,"comment_status":"closed","ping_status":"closed","template":"","meta":{"footnotes":""},"class_list":["post-52","page","type-page","status-publish","hentry"],"_links":{"self":[{"href":"https:\/\/rainika-pictures.ch\/index.php?rest_route=\/wp\/v2\/pages\/52","targetHints":{"allow":["GET"]}}],"collection":[{"href":"https:\/\/rainika-pictures.ch\/index.php?rest_route=\/wp\/v2\/pages"}],"about":[{"href":"https:\/\/rainika-pictures.ch\/index.php?rest_route=\/wp\/v2\/types\/page"}],"author":[{"embeddable":true,"href":"https:\/\/rainika-pictures.ch\/index.php?rest_route=\/wp\/v2\/users\/1"}],"replies":[{"embeddable":true,"href":"https:\/\/rainika-pictures.ch\/index.php?rest_route=%2Fwp%2Fv2%2Fcomments&post=52"}],"version-history":[{"count":7,"href":"https:\/\/rainika-pictures.ch\/index.php?rest_route=\/wp\/v2\/pages\/52\/revisions"}],"predecessor-version":[{"id":113,"href":"https:\/\/rainika-pictures.ch\/index.php?rest_route=\/wp\/v2\/pages\/52\/revisions\/113"}],"wp:attachment":[{"href":"https:\/\/rainika-pictures.ch\/index.php?rest_route=%2Fwp%2Fv2%2Fmedia&parent=52"}],"curies":[{"name":"wp","href":"https:\/\/api.w.org\/{rel}","templated":true}]}}